{"id":19,"date":"2020-08-17T14:47:37","date_gmt":"2020-08-17T14:47:37","guid":{"rendered":"https:\/\/sprossachse.org\/sdb\/?page_id=19"},"modified":"2020-08-23T13:37:42","modified_gmt":"2020-08-23T13:37:42","slug":"wachsen","status":"publish","type":"page","link":"https:\/\/www.sprossachse.org\/sdb\/","title":{"rendered":"Wachsen"},"content":{"rendered":"\n<p><strong>Willkommen auf der Internetpr\u00e4sentation der Netzwerkgruppe Sprossachse,<\/strong><\/p>\n\n\n\n<p>wir m\u00f6chten euch hier gern durch die Sprossachse f\u00fchren.<br>Unser Name entstand aus den 3 Bausteinen einer Pflanze und symbolisiert den Nutzen dieses Netzwerkes.<\/p>\n\n\n\n<p><strong><span class=\"has-inline-color has-luminous-vivid-orange-color\">Die Wurzel<\/span><\/strong> bildet in allen Projekten die Basis. Hier treffen sich Menschen, die sich f\u00fcr Naturschutz, gesunde Ern\u00e4hrung und Lebensweisen, pestizidfreien Anbau von Lebensmitteln im urbanen Gebiet, Haltung von Tieren, usw. interessieren. Das Gemeinschaftsgef\u00fchl, das gemeinsame Schaffen und gemeinsam Erfolg oder auch einmal einen Misserfolg zuhaben, bindet diese Gruppen zusammen. Ein Wurzelgeflecht der Zusammenarbeit entsteht.<\/p>\n\n\n\n<p><strong><span class=\"has-inline-color has-luminous-vivid-orange-color\">Die Bl\u00e4tter und Bl\u00fcten<\/span><\/strong> einer Pflanze symbolisieren in diesen Gruppen die Erfolge. Der gr\u00fcne Fu\u00dfabdruck, die Wiederbelebung von Brachfl\u00e4chen, Streuobstwiesen und Bl\u00fchwiesen zeigen den B\u00fcrgern das Engagement dieser Gruppen. Aus Bl\u00fcten werden Fr\u00fcchte. Fr\u00fcchte f\u00fcr die Eigenversorgung, Fr\u00fcchte des Erfolges.<\/p>\n\n\n\n<p>Das Verbindungsorgan zwischen Wurzeln und Bl\u00e4tter \/ Bl\u00fcten ist <strong><span class=\"has-inline-color has-luminous-vivid-orange-color\">die Sprossachse<\/span><\/strong>. F\u00fcr die Pflanze zur Stabilisierung, zur Speicherung und zum Transport von lebenswichtigen Dingen. <br>Unsere Sprossachse soll den Projektinitiativen zum Wissenstransfer, zur gemeinsamen Nutzung von Ressourcen und zur Kooperation dienen. In Workshops, Tausch von Saatgut, Verleihen von Ger\u00e4ten und Transportfahrzeugen und Organisation von Veranstaltungen findet dies schon seine praktische Anwendung.<\/p>\n\n\n\n<p><strong><span class=\"has-inline-color has-vivid-red-color\">Seit auch ihr ein Gartenprojekt oder wollt eines gr\u00fcnden? Dann kommt auf uns zu, wir helfen und unterst\u00fctzen euch mit Ideen, Kontakten und ggf. auch mit Startkapital (Geld, Material, Pflanzen).<\/span><\/strong><\/p>\n","protected":false},"excerpt":{"rendered":"<p>Willkommen auf der Internetpr\u00e4sentation der Netzwerkgruppe Sprossachse, wir m\u00f6chten euch hier gern durch die Sprossachse f\u00fchren.Unser Name entstand aus den 3 Bausteinen einer Pflanze und symbolisiert den Nutzen dieses Netzwerkes. Die Wurzel bildet in allen Projekten die Basis. Hier treffen sich Menschen, die sich f\u00fcr&nbsp;<a class=\"read-more\" href=\"https:\/\/www.sprossachse.org\/sdb\/\">&hellip;<\/a><\/p>\n","protected":false},"author":2,"featured_media":0,"parent":0,"menu_order":0,"comment_status":"closed","ping_status":"closed","template":"","meta":{"footnotes":""},"class_list":["post-19","page","type-page","status-publish","hentry"],"_links":{"self":[{"href":"https:\/\/www.sprossachse.org\/sdb\/wp-json\/wp\/v2\/pages\/19","targetHints":{"allow":["GET"]}}],"collection":[{"href":"https:\/\/www.sprossachse.org\/sdb\/wp-json\/wp\/v2\/pages"}],"about":[{"href":"https:\/\/www.sprossachse.org\/sdb\/wp-json\/wp\/v2\/types\/page"}],"author":[{"embeddable":true,"href":"https:\/\/www.sprossachse.org\/sdb\/wp-json\/wp\/v2\/users\/2"}],"replies":[{"embeddable":true,"href":"https:\/\/www.sprossachse.org\/sdb\/wp-json\/wp\/v2\/comments?post=19"}],"version-history":[{"count":7,"href":"https:\/\/www.sprossachse.org\/sdb\/wp-json\/wp\/v2\/pages\/19\/revisions"}],"predecessor-version":[{"id":68,"href":"https:\/\/www.sprossachse.org\/sdb\/wp-json\/wp\/v2\/pages\/19\/revisions\/68"}],"wp:attachment":[{"href":"https:\/\/www.sprossachse.org\/sdb\/wp-json\/wp\/v2\/media?parent=19"}],"curies":[{"name":"wp","href":"https:\/\/api.w.org\/{rel}","templated":true}]}}