{"id":21,"date":"2020-08-17T14:47:59","date_gmt":"2020-08-17T14:47:59","guid":{"rendered":"https:\/\/sprossachse.org\/sdb\/?page_id=21"},"modified":"2020-08-23T14:05:46","modified_gmt":"2020-08-23T14:05:46","slug":"wir","status":"publish","type":"page","link":"https:\/\/www.sprossachse.org\/sdb\/wir\/","title":{"rendered":"wir"},"content":{"rendered":"\n<p>Die Idee f\u00fcr dieses Netzwerkes kam mit der Chemnitzer Fr\u00fchlingsmesse 2018. Von dort kam im Herbst 2017 die Anfrage an verschiedene Akteure der &#8222;Chemnitzer Szene&#8220;, ob man nicht einen Infostand f\u00fcr das eigene urbane Projekt machen m\u00f6chte. Da eine Standbetreuung \u00fcber 3 Tage mit Ausstattung und Personal viele komplett \u00fcberforderte, kamen wir auf die Idee einen Gemeinschaftsstand zu machen. <\/p>\n\n\n\n<figure class=\"wp-block-gallery columns-3 is-cropped wp-block-gallery-1 is-layout-flex wp-block-gallery-is-layout-flex\"><ul class=\"blocks-gallery-grid\"><li class=\"blocks-gallery-item\"><figure><img loading=\"lazy\" decoding=\"async\" width=\"1024\" height=\"768\" src=\"https:\/\/sprossachse.org\/sdb\/wp-content\/uploads\/2020\/08\/IMG_3278-1024x768.jpg\" alt=\"\" data-id=\"86\" data-full-url=\"https:\/\/sprossachse.org\/sdb\/wp-content\/uploads\/2020\/08\/IMG_3278.jpg\" data-link=\"https:\/\/sprossachse.org\/sdb\/wir\/img_3278\/\" class=\"wp-image-86\" srcset=\"https:\/\/www.sprossachse.org\/sdb\/wp-content\/uploads\/2020\/08\/IMG_3278-1024x768.jpg 1024w, https:\/\/www.sprossachse.org\/sdb\/wp-content\/uploads\/2020\/08\/IMG_3278-300x225.jpg 300w, https:\/\/www.sprossachse.org\/sdb\/wp-content\/uploads\/2020\/08\/IMG_3278-768x576.jpg 768w, https:\/\/www.sprossachse.org\/sdb\/wp-content\/uploads\/2020\/08\/IMG_3278-1536x1152.jpg 1536w, https:\/\/www.sprossachse.org\/sdb\/wp-content\/uploads\/2020\/08\/IMG_3278.jpg 2048w\" sizes=\"auto, (max-width: 1024px) 100vw, 1024px\" \/><\/figure><\/li><li class=\"blocks-gallery-item\"><figure><img loading=\"lazy\" decoding=\"async\" width=\"1024\" height=\"768\" src=\"https:\/\/sprossachse.org\/sdb\/wp-content\/uploads\/2020\/08\/IMG_3275-1024x768.jpg\" alt=\"\" data-id=\"88\" data-full-url=\"https:\/\/sprossachse.org\/sdb\/wp-content\/uploads\/2020\/08\/IMG_3275.jpg\" data-link=\"https:\/\/sprossachse.org\/sdb\/wir\/img_3275\/\" class=\"wp-image-88\" srcset=\"https:\/\/www.sprossachse.org\/sdb\/wp-content\/uploads\/2020\/08\/IMG_3275-1024x768.jpg 1024w, https:\/\/www.sprossachse.org\/sdb\/wp-content\/uploads\/2020\/08\/IMG_3275-300x225.jpg 300w, https:\/\/www.sprossachse.org\/sdb\/wp-content\/uploads\/2020\/08\/IMG_3275-768x576.jpg 768w, https:\/\/www.sprossachse.org\/sdb\/wp-content\/uploads\/2020\/08\/IMG_3275-1536x1152.jpg 1536w, https:\/\/www.sprossachse.org\/sdb\/wp-content\/uploads\/2020\/08\/IMG_3275.jpg 2048w\" sizes=\"auto, (max-width: 1024px) 100vw, 1024px\" \/><\/figure><\/li><li class=\"blocks-gallery-item\"><figure><img loading=\"lazy\" decoding=\"async\" width=\"1024\" height=\"768\" src=\"https:\/\/sprossachse.org\/sdb\/wp-content\/uploads\/2020\/08\/IMG_3279-1024x768.jpg\" alt=\"\" data-id=\"85\" data-full-url=\"https:\/\/sprossachse.org\/sdb\/wp-content\/uploads\/2020\/08\/IMG_3279.jpg\" data-link=\"https:\/\/sprossachse.org\/sdb\/wir\/img_3279\/\" class=\"wp-image-85\" srcset=\"https:\/\/www.sprossachse.org\/sdb\/wp-content\/uploads\/2020\/08\/IMG_3279-1024x768.jpg 1024w, https:\/\/www.sprossachse.org\/sdb\/wp-content\/uploads\/2020\/08\/IMG_3279-300x225.jpg 300w, https:\/\/www.sprossachse.org\/sdb\/wp-content\/uploads\/2020\/08\/IMG_3279-768x576.jpg 768w, https:\/\/www.sprossachse.org\/sdb\/wp-content\/uploads\/2020\/08\/IMG_3279-1536x1152.jpg 1536w, https:\/\/www.sprossachse.org\/sdb\/wp-content\/uploads\/2020\/08\/IMG_3279.jpg 2048w\" sizes=\"auto, (max-width: 1024px) 100vw, 1024px\" \/><\/figure><\/li><\/ul><\/figure>\n\n\n\n<p>Jeder steuerte nach seinen M\u00f6glichkeiten Helfer und Standbetreuung, Material, Gegenst\u00e4nde, etc. bei. Somit war es einfach einen Stand f\u00fcr die Messe \u00fcber mehrere Tage zu halten. Aus dieser ersten Zusammenarbeit bauten wir einen E-Mailverteiler auf, um uns \u00fcber die eigenen Projekte auf dem Laufenden zu halten. Aus den gemeinsamen Besuchen in den G\u00e4rten und Farmen entwickelte sich der Wunsch einer festen Zusammenarbeit mit einer Agenda.<\/p>\n\n\n\n<p>Das Manifest f\u00fcr die Chemnitzer urbanen G\u00e4rten und Farmen wurde \u00fcber viele Wochen zusammengetragen und bildet die Grundlage f\u00fcr unsere Zusammenarbeit. <\/p>\n\n\n\n<p>Als Tr\u00e4ger des Netzwerkes stellte sich der SDB e.V. (www.sdb-chemnitz.de) zur Verf\u00fcgung. Dort nutzen wir die M\u00f6glichkeit eines Vereins, R\u00e4umlichkeiten f\u00fcr Treffen und die Organisationsstrukturen f\u00fcr die Zusammenarbeit.<\/p>\n\n\n\n<p><span class=\"has-inline-color has-vivid-cyan-blue-color\"><strong>aktuelle Anliegen in Chemnitz<\/strong><br>Schaffung der Voraussetzungen, dass die Initiativen der engagierten Chemnitzer B\u00fcrger zu Erfolg und Anerkennung finden. Mittel- und langfristige Absicherung des Engagements und der geschaffenen Werte.<\/span><\/p>\n\n\n\n<p>Daf\u00fcr braucht es:<\/p>\n\n\n\n<ul class=\"wp-block-list\"><li><strong>einen rechts- und investitionssicheren Rahmen<\/strong><br>Die Lebens- und Arbeitszeit der engagieren Chemnitzer ist wertvoll und eine Investition.<\/li><li><strong>Anerkennung, Unterst\u00fctzung und F\u00f6rderung durch die Stadtpolitik<\/strong><br>Der von den Chemnitzern gew\u00e4hlte Stadtrat und seine Aussch\u00fcsse hat das Gestaltungsprivileg und die Gestaltungspflicht.<\/li><li><strong>Materielle und finanzielle Unterst\u00fctzung aus dem Haushalt der Stadt Chemnitz<\/strong><br>Jedes Werkzeug kostet. Die ehrenamtliche Arbeit und die zur Verf\u00fcgung gestellte Arbeits- und Lebenszeit der aktive Chemnitzer ist wertvoll und entlastet den Stadthaushalt.<\/li><\/ul>\n\n\n\n<p><\/p>\n","protected":false},"excerpt":{"rendered":"<p>Die Idee f\u00fcr dieses Netzwerkes kam mit der Chemnitzer Fr\u00fchlingsmesse 2018. Von dort kam im Herbst 2017 die Anfrage an verschiedene Akteure der &#8222;Chemnitzer Szene&#8220;, ob man nicht einen Infostand f\u00fcr das eigene urbane Projekt machen m\u00f6chte. Da eine Standbetreuung \u00fcber 3 Tage mit Ausstattung&nbsp;<a class=\"read-more\" href=\"https:\/\/www.sprossachse.org\/sdb\/wir\/\">&hellip;<\/a><\/p>\n","protected":false},"author":2,"featured_media":0,"parent":0,"menu_order":0,"comment_status":"closed","ping_status":"closed","template":"","meta":{"footnotes":""},"class_list":["post-21","page","type-page","status-publish","hentry"],"_links":{"self":[{"href":"https:\/\/www.sprossachse.org\/sdb\/wp-json\/wp\/v2\/pages\/21","targetHints":{"allow":["GET"]}}],"collection":[{"href":"https:\/\/www.sprossachse.org\/sdb\/wp-json\/wp\/v2\/pages"}],"about":[{"href":"https:\/\/www.sprossachse.org\/sdb\/wp-json\/wp\/v2\/types\/page"}],"author":[{"embeddable":true,"href":"https:\/\/www.sprossachse.org\/sdb\/wp-json\/wp\/v2\/users\/2"}],"replies":[{"embeddable":true,"href":"https:\/\/www.sprossachse.org\/sdb\/wp-json\/wp\/v2\/comments?post=21"}],"version-history":[{"count":11,"href":"https:\/\/www.sprossachse.org\/sdb\/wp-json\/wp\/v2\/pages\/21\/revisions"}],"predecessor-version":[{"id":91,"href":"https:\/\/www.sprossachse.org\/sdb\/wp-json\/wp\/v2\/pages\/21\/revisions\/91"}],"wp:attachment":[{"href":"https:\/\/www.sprossachse.org\/sdb\/wp-json\/wp\/v2\/media?parent=21"}],"curies":[{"name":"wp","href":"https:\/\/api.w.org\/{rel}","templated":true}]}}